{"id":2,"date":"2023-07-23T10:43:17","date_gmt":"2023-07-23T08:43:17","guid":{"rendered":"http:\/\/plumesdecanard.fr\/?page_id=2"},"modified":"2023-07-25T15:17:57","modified_gmt":"2023-07-25T13:17:57","slug":"a-propos","status":"publish","type":"page","link":"https:\/\/plumesdecanard.fr\/?page_id=2","title":{"rendered":"A propos du blog"},"content":{"rendered":"\n<p>J&rsquo;ai nomm\u00e9 ce blog <em>Plumes de canard<\/em> car j&rsquo;ai deux-trois occupations dans ma vie, qui sont les canards sous toute forme et la composition de po\u00e9sies. <\/p>\n\n\n\n<p>J&rsquo;ai publi\u00e9 un premier recueil de po\u00e8mes il y a quelques ann\u00e9es mais qui est toujours disponible \u00e0 la vente, \u00e0 la Fnac : <a href=\"https:\/\/www.fnac.com\/a6813511\/Azad-Ohanessian-Quelques-plumes-de-paon\">https:\/\/www.fnac.com\/a6813511\/Azad-Ohanessian-Quelques-plumes-de-paon<\/a><\/p>\n\n\n\n<figure class=\"wp-block-image aligncenter size-large is-resized\"><img loading=\"lazy\" decoding=\"async\" src=\"http:\/\/plumesdecanard.fr\/wp-content\/uploads\/2023\/07\/couverture_2578_1650454534-647x1024.jpg\" alt=\"\" class=\"wp-image-168\" width=\"138\" height=\"219\" srcset=\"https:\/\/plumesdecanard.fr\/wp-content\/uploads\/2023\/07\/couverture_2578_1650454534-647x1024.jpg 647w, https:\/\/plumesdecanard.fr\/wp-content\/uploads\/2023\/07\/couverture_2578_1650454534-189x300.jpg 189w, https:\/\/plumesdecanard.fr\/wp-content\/uploads\/2023\/07\/couverture_2578_1650454534-768x1216.jpg 768w, https:\/\/plumesdecanard.fr\/wp-content\/uploads\/2023\/07\/couverture_2578_1650454534-970x1536.jpg 970w, https:\/\/plumesdecanard.fr\/wp-content\/uploads\/2023\/07\/couverture_2578_1650454534-1293x2048.jpg 1293w, https:\/\/plumesdecanard.fr\/wp-content\/uploads\/2023\/07\/couverture_2578_1650454534.jpg 1400w\" sizes=\"auto, (max-width: 138px) 100vw, 138px\" \/><\/figure>\n\n\n\n<blockquote class=\"wp-block-quote is-layout-flow wp-block-quote-is-layout-flow\">\n<p>Des plumes de canard&#8230; car nous avons toutes et tous quelques plumes au coin du c\u0153ur.<\/p>\n<\/blockquote>\n\n\n\n<p>Bonnes lectures sur mon blog !<\/p>\n\n\n\n<p><\/p>\n\n\n\n<p><\/p>\n","protected":false},"excerpt":{"rendered":"<p>J&rsquo;ai nomm\u00e9 ce blog Plumes de canard car j&rsquo;ai deux-trois occupations dans ma vie, qui sont les canards sous toute forme et la composition de po\u00e9sies. J&rsquo;ai publi\u00e9 un premier recueil de po\u00e8mes il y a quelques ann\u00e9es mais qui est toujours disponible \u00e0 la vente, \u00e0 la Fnac : https:\/\/www.fnac.com\/a6813511\/Azad-Ohanessian-Quelques-plumes-de-paon Des plumes de canard&#8230; [&hellip;]<\/p>\n","protected":false},"author":1,"featured_media":0,"parent":0,"menu_order":0,"comment_status":"closed","ping_status":"closed","template":"","meta":{"footnotes":""},"class_list":["post-2","page","type-page","status-publish","hentry"],"_links":{"self":[{"href":"https:\/\/plumesdecanard.fr\/index.php?rest_route=\/wp\/v2\/pages\/2","targetHints":{"allow":["GET"]}}],"collection":[{"href":"https:\/\/plumesdecanard.fr\/index.php?rest_route=\/wp\/v2\/pages"}],"about":[{"href":"https:\/\/plumesdecanard.fr\/index.php?rest_route=\/wp\/v2\/types\/page"}],"author":[{"embeddable":true,"href":"https:\/\/plumesdecanard.fr\/index.php?rest_route=\/wp\/v2\/users\/1"}],"replies":[{"embeddable":true,"href":"https:\/\/plumesdecanard.fr\/index.php?rest_route=%2Fwp%2Fv2%2Fcomments&post=2"}],"version-history":[{"count":5,"href":"https:\/\/plumesdecanard.fr\/index.php?rest_route=\/wp\/v2\/pages\/2\/revisions"}],"predecessor-version":[{"id":169,"href":"https:\/\/plumesdecanard.fr\/index.php?rest_route=\/wp\/v2\/pages\/2\/revisions\/169"}],"wp:attachment":[{"href":"https:\/\/plumesdecanard.fr\/index.php?rest_route=%2Fwp%2Fv2%2Fmedia&parent=2"}],"curies":[{"name":"wp","href":"https:\/\/api.w.org\/{rel}","templated":true}]}}